{"id":3,"date":"2020-10-01T16:47:46","date_gmt":"2020-10-01T16:47:46","guid":{"rendered":"https:\/\/costinica.com.mx\/fabricaweb\/?page_id=3"},"modified":"2020-11-07T07:28:49","modified_gmt":"2020-11-07T13:28:49","slug":"politica-privacidad","status":"publish","type":"page","link":"https:\/\/www.costinica.com.mx\/en\/politica-privacidad\/","title":{"rendered":"Privacy Policy"},"content":{"rendered":"<p><strong>COSTINICA ABOGADOS, S.A.S DE C.V. (COSTINICA)<\/strong> es una firma de abogados representada por el Lic. Luis Garc\u00eda, de nacionalidad mexicana con Domicilio en Zacatecas No. 24 &#8211; 704, Colonia Roma Norte, C.P. 06700, Ciudad de M\u00e9xico, (\u201cDomicilio de COSTINICA\u201d). COSTINICA puede obtener informaci\u00f3n o datos personales, sensibles, de su titularidad (USUARIO), con objeto de prestarle servicios de asesor\u00eda jur\u00eddica y construir una Base de Datos (\u00abBase de Datos\u00bb) propiedad de COSTINICA, misma que podr\u00e1 ser usada \u00fanicamente por COSTINICA, con objeto de contactar a los USUARIOS contenidos en la misma para notificarles cuestiones relacionadas con los servicios prestados por COSTINICA; o novedades en el campo de investigaci\u00f3n de los servicios de COSTINICA. EL USUARIO reconoce y acepta que COSTINICA no obtiene sus datos personales autom\u00e1ticamente, sino de forma personal y directa de los USUARIOS quienes voluntariamente los proporcionan al momento de solicitar y\/o contratar los servicios de COSTINICA. Queda a la libre discreci\u00f3n de EL USUARIO, sin responsabilidad para COSTINICA, proporcionar sus datos personales sensibles en forma ver\u00eddica. No obstante lo anterior, el USUARIO reconoce que la falta de veracidad en los datos proporcionados a COSTINICA puede ser una causa que impida la correcta prestaci\u00f3n de los servicios contratados; o bien el fracaso de acciones legales que pudieran ser encomendadas a COSTINICA. En cualquier caso, EL USUARIO faculta a COSTINICA, de la forma m\u00e1s amplia para que legalmente utilice sus datos personales previamente proporcionados por EL USUARIO: (i) a fin de resolver controversias o disputas relacionadas o servicios prestados por COSTINICA; (ii) para posibilitar a COSTINICA la correcta prestaci\u00f3n de los servicios a EL USUARIO; y (iii) en los casos que la ley as\u00ed lo requiera.<\/p>\n<p>NOMBRE DEL USUARIO: ________________________<\/p>\n<p>FIRMA: ________________________<\/p>\n<p>FECHA: ________________________<\/p>\n<p>A continuaci\u00f3n, exponemos la pol\u00edtica de privacidad, la cual, le explica qu\u00e9 informaci\u00f3n y datos personales recopilamos, c\u00f3mo los usamos y c\u00f3mo puede corregirse o cambiarse. 1. \u00bfCon qui\u00e9n se comparte la informaci\u00f3n y datos personales? COSTINICA \u00fanicamente puede compartir sus datos personales con el personal interno que requiera dicha informaci\u00f3n para el adecuado desempe\u00f1o de sus actividades; as\u00ed como con cualquier Autoridad, Organismo, Instituci\u00f3n o entidad p\u00fablica o privada necesarias para el cumplimiento de los servicios para los que fue contratado, conforme a las actividades de COSTINICA, las cuales de manera enunciativa y no limitativa consisten en (i) Brindar servicios de asesor\u00eda jur\u00eddica en diversas ramas del derecho, principalmente en materia de propiedad intelectual, derecho corporativo, y contencioso; (ii) emitir opiniones jur\u00eddicas respecto a la informaci\u00f3n proporcionada por usted; (iii) tratar asuntos con entidades p\u00fablicas y\/o privadas haciendo valer sus derechos o beneficiar sus intereses; (iv) elaborar propuestas y estrategias jur\u00eddicas a desarrollar a favor de clientes potenciales. La informaci\u00f3n o datos personales que COSTINICA llegara a obtener de los USUARIOS titulares de la informaci\u00f3n (en adelante LOS USUARIOS) ser\u00e1n almacenados para su protecci\u00f3n y resguardo con objeto de evitar su p\u00e9rdida, uso indebido, o alteraci\u00f3n; por lo que COSTINICA asegura la confidencialidad de los datos personales aportados por LOS USUARIOS, y garantiza que en ning\u00fan caso \u00e9stos ser\u00e1n cedidos o transmitidos a terceros ajenos a COSTINICA, sin previo aviso a los USUARIOS titulares de los datos personales.<\/p>\n<p><strong>2. Cambios en la pol\u00edtica o aviso de privacidad. <\/strong><\/p>\n<p>En caso de que COSTINICA decida cambiar o modificar en forma alguna su pol\u00edtica y aviso sobre privacidad, tales cambios o modificaciones ser\u00e1n incorporadas y anunciadas v\u00eda correo electr\u00f3nico a cada uno de los USUARIOS, con al menos cinco d\u00edas de anticipaci\u00f3n a su entrada en vigor, de manera que usted siempre pueda saber qu\u00e9 informaci\u00f3n recopilamos, c\u00f3mo podr\u00edamos usar dicha informaci\u00f3n y si la revelaremos a alguien.<\/p>\n<p><strong>3. Otorgamiento de Consentimiento y revelaci\u00f3n de Datos Personales <\/strong><\/p>\n<p>Para obtener los servicios profesionales proporcionados por COSTINICA, EL USUARIO deber\u00e1 proporcionar sus datos personales al momento de solicitar los mismos. Los usuarios reconocen que al proporcionar los datos personales, otorgan a COSTINICA y\/o su representante, la autorizaci\u00f3n se\u00f1alada en el art\u00edculo 109 de la Ley Federal del Derecho de Autor y el consentimiento a que se refiere el art\u00edculo 8 de la Ley Federal de Protecci\u00f3n de Datos Personales en Posesi\u00f3n de los Particulares. En todos los casos, los USUARIOS responder\u00e1n de la veracidad de la informaci\u00f3n proporcionada a COSTINICA.<\/p>\n<p><strong>4. Medios para limitar el uso o divulgaci\u00f3n de Datos Personales <\/strong><\/p>\n<p>En COSTINICA estamos especialmente preocupados por la seguridad y por asegurar la confidencialidad de los datos aportados por nuestros USUARIOS. Por ello, COSTINICA se compromete a acatar las disposiciones de los art\u00edculos 16, 17, 18 bis, 76 bis de la Ley Federal de Protecci\u00f3n al Consumidor; as\u00ed como todas y cada una de las disposiciones vigentes contenidas en la Ley de Protecci\u00f3n de Datos Personales en posesi\u00f3n de los Particulares. En el momento en que usted registra sus datos personales estos ser\u00e1n utilizados de forma confidencial y \u00fanicamente para contactarlo con motivo de los servicios que presta COSTINICA, las actividades, actualizaciones o cualquier otro evento relacionado con tales servicios.<\/p>\n<p><strong>5. Medios para ejercer los derechos del titular con motivo de sus Datos Personales <\/strong><\/p>\n<p>En caso de que cualquier USUARIO titular de datos personales desee ejercer su derecho de acceso, rectificaci\u00f3n, cancelaci\u00f3n u oposici\u00f3n al tratamiento de sus datos personales, podr\u00e1 hacerlo por conducto de su representante quien le atender\u00e1 personalmente en el domicilio de COSTINICA, previa cita solicitada al tel\u00e9fono (55) 62784346. COSTINICA ABOGADOS, S.A.S. DE C.V., con domicilio en Zacatecas No. 24 &#8211; 704, Colonia Roma Norte, C.P. 06700, Ciudad de M\u00e9xico, utilizar\u00e1 sus datos personales con objeto de prestarle servicios de asesor\u00eda jur\u00eddica y construir una Base de Datos que permita contactar a los titulares de datos contenidos en la misma para notificarles cuestiones relacionadas con los servicios que presta al p\u00fablico; as\u00ed como el env\u00edo de notificaciones o comunicaciones especiales de naturaleza particular en relaci\u00f3n con los servicios proporcionados por si o por cuenta de terceros.<\/p>\n<p><em>\u00faltima actualizaci\u00f3n: 30 de octubre de 2020<\/em><\/p>","protected":false},"excerpt":{"rendered":"<p>COSTINICA ABOGADOS, S.A.S DE C.V. (COSTINICA) es una firma de abogados representada por el Lic. Luis Garc\u00eda, de nacionalidad mexicana con Domicilio en Zacatecas No. 24 &#8211; 704, Colonia Roma Norte, C.P. 06700, Ciudad de M\u00e9xico, (\u201cDomicilio de COSTINICA\u201d). COSTINICA puede obtener informaci\u00f3n o datos personales, sensibles, de su titularidad (USUARIO), con objeto de prestarle [&hellip;]<\/p>","protected":false},"author":1,"featured_media":0,"parent":0,"menu_order":0,"comment_status":"closed","ping_status":"open","template":"","meta":{"footnotes":""},"class_list":["post-3","page","type-page","status-publish","hentry"],"_links":{"self":[{"href":"https:\/\/www.costinica.com.mx\/en\/wp-json\/wp\/v2\/pages\/3","targetHints":{"allow":["GET"]}}],"collection":[{"href":"https:\/\/www.costinica.com.mx\/en\/wp-json\/wp\/v2\/pages"}],"about":[{"href":"https:\/\/www.costinica.com.mx\/en\/wp-json\/wp\/v2\/types\/page"}],"author":[{"embeddable":true,"href":"https:\/\/www.costinica.com.mx\/en\/wp-json\/wp\/v2\/users\/1"}],"replies":[{"embeddable":true,"href":"https:\/\/www.costinica.com.mx\/en\/wp-json\/wp\/v2\/comments?post=3"}],"version-history":[{"count":0,"href":"https:\/\/www.costinica.com.mx\/en\/wp-json\/wp\/v2\/pages\/3\/revisions"}],"wp:attachment":[{"href":"https:\/\/www.costinica.com.mx\/en\/wp-json\/wp\/v2\/media?parent=3"}],"curies":[{"name":"wp","href":"https:\/\/api.w.org\/{rel}","templated":true}]}}